  {"id":2294,"date":"2025-10-14T16:01:59","date_gmt":"2025-10-14T09:01:59","guid":{"rendered":"https:\/\/vinuni.edu.vn\/research\/?page_id=2294"},"modified":"2026-02-23T09:38:01","modified_gmt":"2026-02-23T02:38:01","slug":"intelligent-computing-and-data-science","status":"publish","type":"page","link":"https:\/\/vinuni.edu.vn\/research\/research-centers\/intelligent-computing-and-data-science\/","title":{"rendered":"Intelligent Computing and Data Science"},"content":{"rendered":"<h4><img loading=\"lazy\" class=\"alignnone wp-image-2301 size-full\" src=\"https:\/\/vinuni.edu.vn\/research\/wp-content\/uploads\/2025\/10\/8f662777a37a2e24776b-e1760433779921.jpg\" alt=\"\" width=\"908\" height=\"419\" srcset=\"https:\/\/vinuni.edu.vn\/research\/wp-content\/uploads\/2025\/10\/8f662777a37a2e24776b-e1760433779921.jpg 908w, https:\/\/vinuni.edu.vn\/research\/wp-content\/uploads\/2025\/10\/8f662777a37a2e24776b-e1760433779921-300x138.jpg 300w, https:\/\/vinuni.edu.vn\/research\/wp-content\/uploads\/2025\/10\/8f662777a37a2e24776b-e1760433779921-768x354.jpg 768w\" sizes=\"(max-width: 908px) 100vw, 908px\" \/><\/h4>\n<h4><strong>A. <\/strong><strong data-start=\"390\" data-end=\"406\">About the Hub<\/strong><\/h4>\n<p>The Intelligent Computing and Data Science Hub brings together researchers and technologists to advance innovation in computing, analytics, and data-driven intelligence. It focuses on developing secure, energy-efficient, and human-centered computing systems that power next-generation applications across science, health, and industry.<\/p>\n<h4 data-start=\"1042\" data-end=\"1070\"><strong data-start=\"1042\" data-end=\"1070\">B. Core Research Centers<\/strong><\/h4>\n<p><strong data-start=\"1291\" data-end=\"1328\">1. 51³Ô¹ÏÍø Bigdata Research\u200b Institute<\/strong><br data-start=\"1328\" data-end=\"1331\" \/><em data-start=\"1331\" data-end=\"1338\">Lead: <a href=\"https:\/\/vinuni.edu.vn\/people\/vu-ha-van\/\">Prof. V\u0169 H\u00e0 V\u0103n<\/a><\/em><br data-start=\"1418\" data-end=\"1421\" \/><em data-start=\"1421\" data-end=\"1429\">Focus: Advancing research at the intersection of biotechnology and applied mathematics \u2014 integrating genomics, big data, and AI to address national challenges in data infrastructure, smart agriculture, and genetic innovation for sustainable development<br \/>\n<\/em><\/p>\n<p data-start=\"1500\" data-end=\"1692\">\n","protected":false},"excerpt":{"rendered":"<p>A. About the Hub The Intelligent Computing and Data Science Hub brings together researchers and technologists to advance innovation in computing, analytics, and data-driven intelligence. It focuses on developing secure, energy-efficient, and human-centered computing systems that power next-generation applications across science, health, and industry. B. Core Research Centers 1. 51³Ô¹ÏÍø Bigdata Research\u200b InstituteLead: Prof. V\u0169 [&hellip;]<\/p>\n","protected":false},"author":7,"featured_media":0,"parent":86,"menu_order":0,"comment_status":"closed","ping_status":"closed","template":"","meta":[],"acf":[],"yoast_head":"<!-- This site is optimized with the Yoast SEO plugin v19.6.1 - https:\/\/yoast.com\/wordpress\/plugins\/seo\/ -->\n<title>Intelligent Computing and Data Science - Vinuni Research Website<\/title>\n<meta name=\"robots\" content=\"index, follow, max-snippet:-1, max-image-preview:large, max-video-preview:-1\" \/>\n<link rel=\"canonical\" href=\"https:\/\/vinuni.edu.vn\/research\/research-centers\/intelligent-computing-and-data-science\/\" \/>\n<meta property=\"og:locale\" content=\"en_US\" \/>\n<meta property=\"og:type\" content=\"article\" \/>\n<meta property=\"og:title\" content=\"Intelligent Computing and Data Science - Vinuni Research Website\" \/>\n<meta property=\"og:description\" content=\"A. About the Hub The Intelligent Computing and Data Science Hub brings together researchers and technologists to advance innovation in computing, analytics, and data-driven intelligence. It focuses on developing secure, energy-efficient, and human-centered computing systems that power next-generation applications across science, health, and industry. B. Core Research Centers 1. 51³Ô¹ÏÍø Bigdata Research\u200b InstituteLead: Prof. V\u0169 [&hellip;]\" \/>\n<meta property=\"og:url\" content=\"https:\/\/vinuni.edu.vn\/research\/research-centers\/intelligent-computing-and-data-science\/\" \/>\n<meta property=\"og:site_name\" content=\"Vinuni Research Website\" \/>\n<meta property=\"article:modified_time\" content=\"2026-02-23T02:38:01+00:00\" \/>\n<meta property=\"og:image\" content=\"https:\/\/vinuni.edu.vn\/research\/wp-content\/uploads\/2025\/10\/8f662777a37a2e24776b-e1760433779921.jpg\" \/>\n<meta name=\"twitter:card\" content=\"summary_large_image\" \/>\n<meta name=\"twitter:label1\" content=\"Est. reading time\" \/>\n\t<meta name=\"twitter:data1\" content=\"1 minute\" \/>\n<script type=\"application\/ld+json\" class=\"yoast-schema-graph\">{\"@context\":\"https:\/\/schema.org\",\"@graph\":[{\"@type\":\"WebPage\",\"@id\":\"https:\/\/vinuni.edu.vn\/research\/research-centers\/intelligent-computing-and-data-science\/\",\"url\":\"https:\/\/vinuni.edu.vn\/research\/research-centers\/intelligent-computing-and-data-science\/\",\"name\":\"Intelligent Computing and Data Science - Vinuni Research Website\",\"isPartOf\":{\"@id\":\"https:\/\/vinuni.edu.vn\/research\/#website\"},\"datePublished\":\"2025-10-14T09:01:59+00:00\",\"dateModified\":\"2026-02-23T02:38:01+00:00\",\"breadcrumb\":{\"@id\":\"https:\/\/vinuni.edu.vn\/research\/research-centers\/intelligent-computing-and-data-science\/#breadcrumb\"},\"inLanguage\":\"en-US\",\"potentialAction\":[{\"@type\":\"ReadAction\",\"target\":[\"https:\/\/vinuni.edu.vn\/research\/research-centers\/intelligent-computing-and-data-science\/\"]}]},{\"@type\":\"BreadcrumbList\",\"@id\":\"https:\/\/vinuni.edu.vn\/research\/research-centers\/intelligent-computing-and-data-science\/#breadcrumb\",\"itemListElement\":[{\"@type\":\"ListItem\",\"position\":1,\"name\":\"Research &#038; Innovation Centers\",\"item\":\"https:\/\/vinuni.edu.vn\/research\/research-centers\/\"},{\"@type\":\"ListItem\",\"position\":2,\"name\":\"Intelligent Computing and Data Science\"}]},{\"@type\":\"WebSite\",\"@id\":\"https:\/\/vinuni.edu.vn\/research\/#website\",\"url\":\"https:\/\/vinuni.edu.vn\/research\/\",\"name\":\"Vinuni Research Website\",\"description\":\"\",\"potentialAction\":[{\"@type\":\"SearchAction\",\"target\":{\"@type\":\"EntryPoint\",\"urlTemplate\":\"https:\/\/vinuni.edu.vn\/research\/?s={search_term_string}\"},\"query-input\":\"required name=search_term_string\"}],\"inLanguage\":\"en-US\"}]}<\/script>\n<!-- \/ Yoast SEO plugin. -->","yoast_head_json":{"title":"Intelligent Computing and Data Science - Vinuni Research Website","robots":{"index":"index","follow":"follow","max-snippet":"max-snippet:-1","max-image-preview":"max-image-preview:large","max-video-preview":"max-video-preview:-1"},"canonical":"https:\/\/vinuni.edu.vn\/research\/research-centers\/intelligent-computing-and-data-science\/","og_locale":"en_US","og_type":"article","og_title":"Intelligent Computing and Data Science - Vinuni Research Website","og_description":"A. About the Hub The Intelligent Computing and Data Science Hub brings together researchers and technologists to advance innovation in computing, analytics, and data-driven intelligence. It focuses on developing secure, energy-efficient, and human-centered computing systems that power next-generation applications across science, health, and industry. B. Core Research Centers 1. 51³Ô¹ÏÍø Bigdata Research\u200b InstituteLead: Prof. V\u0169 [&hellip;]","og_url":"https:\/\/vinuni.edu.vn\/research\/research-centers\/intelligent-computing-and-data-science\/","og_site_name":"Vinuni Research Website","article_modified_time":"2026-02-23T02:38:01+00:00","og_image":[{"url":"https:\/\/vinuni.edu.vn\/research\/wp-content\/uploads\/2025\/10\/8f662777a37a2e24776b-e1760433779921.jpg"}],"twitter_card":"summary_large_image","twitter_misc":{"Est. reading time":"1 minute"},"schema":{"@context":"https:\/\/schema.org","@graph":[{"@type":"WebPage","@id":"https:\/\/vinuni.edu.vn\/research\/research-centers\/intelligent-computing-and-data-science\/","url":"https:\/\/vinuni.edu.vn\/research\/research-centers\/intelligent-computing-and-data-science\/","name":"Intelligent Computing and Data Science - Vinuni Research Website","isPartOf":{"@id":"https:\/\/vinuni.edu.vn\/research\/#website"},"datePublished":"2025-10-14T09:01:59+00:00","dateModified":"2026-02-23T02:38:01+00:00","breadcrumb":{"@id":"https:\/\/vinuni.edu.vn\/research\/research-centers\/intelligent-computing-and-data-science\/#breadcrumb"},"inLanguage":"en-US","potentialAction":[{"@type":"ReadAction","target":["https:\/\/vinuni.edu.vn\/research\/research-centers\/intelligent-computing-and-data-science\/"]}]},{"@type":"BreadcrumbList","@id":"https:\/\/vinuni.edu.vn\/research\/research-centers\/intelligent-computing-and-data-science\/#breadcrumb","itemListElement":[{"@type":"ListItem","position":1,"name":"Research &#038; Innovation Centers","item":"https:\/\/vinuni.edu.vn\/research\/research-centers\/"},{"@type":"ListItem","position":2,"name":"Intelligent Computing and Data Science"}]},{"@type":"WebSite","@id":"https:\/\/vinuni.edu.vn\/research\/#website","url":"https:\/\/vinuni.edu.vn\/research\/","name":"Vinuni Research Website","description":"","potentialAction":[{"@type":"SearchAction","target":{"@type":"EntryPoint","urlTemplate":"https:\/\/vinuni.edu.vn\/research\/?s={search_term_string}"},"query-input":"required name=search_term_string"}],"inLanguage":"en-US"}]}},"_links":{"self":[{"href":"https:\/\/vinuni.edu.vn\/research\/wp-json\/wp\/v2\/pages\/2294"}],"collection":[{"href":"https:\/\/vinuni.edu.vn\/research\/wp-json\/wp\/v2\/pages"}],"about":[{"href":"https:\/\/vinuni.edu.vn\/research\/wp-json\/wp\/v2\/types\/page"}],"author":[{"embeddable":true,"href":"https:\/\/vinuni.edu.vn\/research\/wp-json\/wp\/v2\/users\/7"}],"replies":[{"embeddable":true,"href":"https:\/\/vinuni.edu.vn\/research\/wp-json\/wp\/v2\/comments?post=2294"}],"version-history":[{"count":6,"href":"https:\/\/vinuni.edu.vn\/research\/wp-json\/wp\/v2\/pages\/2294\/revisions"}],"predecessor-version":[{"id":2515,"href":"https:\/\/vinuni.edu.vn\/research\/wp-json\/wp\/v2\/pages\/2294\/revisions\/2515"}],"up":[{"embeddable":true,"href":"https:\/\/vinuni.edu.vn\/research\/wp-json\/wp\/v2\/pages\/86"}],"wp:attachment":[{"href":"https:\/\/vinuni.edu.vn\/research\/wp-json\/wp\/v2\/media?parent=2294"}],"curies":[{"name":"wp","href":"https:\/\/api.w.org\/{rel}","templated":true}]}}